{"id":607,"date":"2018-02-17T20:14:58","date_gmt":"2018-02-18T01:14:58","guid":{"rendered":"https:\/\/slfcpa.ca\/?page_id=607"},"modified":"2021-03-02T13:44:53","modified_gmt":"2021-03-02T18:44:53","slug":"carrieres","status":"publish","type":"page","link":"https:\/\/slfcpa.ca\/fr\/carrieres\/","title":{"rendered":"Carri\u00e8res"},"content":{"rendered":"<p>Vous r\u00eavez de vous joindre \u00e0 une organisation dynamique et en plein essor? Vous \u00eates \u00e0 la recherche d\u2019un employeur qui soutient ses employ\u00e9s dans leur cheminement professionnel et leur offre des d\u00e9fis stimulants? Ne cherchez plus! Envoyez-nous votre dossier de candidature!<\/p>\n<p>Nous sommes \u00e0 la recherche de jeunes professionnels d\u00e9termin\u00e9s \u00e0 faire leur place en comptabilit\u00e9 publique. Venez d\u00e9couvrir toute l\u2019\u00e9tendue des possibilit\u00e9s que SLF peut vous offrir pour nourrir votre passion et votre ambition!<\/p>\n<p>Nous sommes \u00e9galement \u00e0 la recherche de professionnels chevronn\u00e9s souhaitant explorer de nouvelles avenues \u00e0 titre de contr\u00f4leur ou de directeur financier. N\u2019oubliez pas de vous informer sur nos possibilit\u00e9s de placements externes.<\/p>\n<p>Nous invitons tous les candidats qualifi\u00e9s \u00e0 postuler. Notre entreprise se d\u00e9marquant par son engagement ferme et r\u00e9el \u00e0 faciliter l\u2019int\u00e9gration des personnes handicap\u00e9es, n\u2019h\u00e9sitez pas \u00e0 demander toutes les accommodations n\u00e9cessaires lors du processus de s\u00e9lection.<\/p>\n<h2>Pourquoi choisir SLF?<\/h2>\n<ul>\n<li>Pour nos salaires et nos avantages sociaux concurrentiels.<\/li>\n<li>Pour notre culture de travail humaine ax\u00e9e sur la collaboration.<\/li>\n<li>Pour nos possibilit\u00e9s de d\u00e9veloppement de carri\u00e8re.<\/li>\n<li>Pour nos cong\u00e9s destin\u00e9s \u00e0 la formation et \u00e0 la pr\u00e9paration d\u2019examens.<\/li>\n<li>Pour nos bureaux bien situ\u00e9s et bien \u00e9quip\u00e9s.<\/li>\n<\/ul>\n","protected":false},"excerpt":{"rendered":"<p>Vous r\u00eavez de vous joindre \u00e0 une organisation dynamique et en plein essor? Vous \u00eates \u00e0 la recherche d\u2019un employeur qui soutient ses employ\u00e9s dans leur cheminement professionnel et leur offre des d\u00e9fis stimulants? Ne cherchez plus! Envoyez-nous votre dossier de candidature! Nous sommes \u00e0 la recherche de jeunes professionnels d\u00e9termin\u00e9s \u00e0 faire leur place [&hellip;]<\/p>\n","protected":false},"author":2,"featured_media":0,"parent":0,"menu_order":0,"comment_status":"closed","ping_status":"closed","template":"templates\/careers.php","meta":{"_acf_changed":false,"footnotes":""},"class_list":["post-607","page","type-page","status-publish","hentry"],"acf":[],"_links":{"self":[{"href":"https:\/\/slfcpa.ca\/fr\/wp-json\/wp\/v2\/pages\/607","targetHints":{"allow":["GET"]}}],"collection":[{"href":"https:\/\/slfcpa.ca\/fr\/wp-json\/wp\/v2\/pages"}],"about":[{"href":"https:\/\/slfcpa.ca\/fr\/wp-json\/wp\/v2\/types\/page"}],"author":[{"embeddable":true,"href":"https:\/\/slfcpa.ca\/fr\/wp-json\/wp\/v2\/users\/2"}],"replies":[{"embeddable":true,"href":"https:\/\/slfcpa.ca\/fr\/wp-json\/wp\/v2\/comments?post=607"}],"version-history":[{"count":3,"href":"https:\/\/slfcpa.ca\/fr\/wp-json\/wp\/v2\/pages\/607\/revisions"}],"predecessor-version":[{"id":2431,"href":"https:\/\/slfcpa.ca\/fr\/wp-json\/wp\/v2\/pages\/607\/revisions\/2431"}],"wp:attachment":[{"href":"https:\/\/slfcpa.ca\/fr\/wp-json\/wp\/v2\/media?parent=607"}],"curies":[{"name":"wp","href":"https:\/\/api.w.org\/{rel}","templated":true}]}}