{"id":605,"date":"2018-02-17T20:09:28","date_gmt":"2018-02-18T01:09:28","guid":{"rendered":"https:\/\/slfcpa.ca\/?page_id=605"},"modified":"2021-03-02T14:23:44","modified_gmt":"2021-03-02T19:23:44","slug":"slf-le-partenaire-de-votre-reussite","status":"publish","type":"page","link":"https:\/\/slfcpa.ca\/fr\/slf-le-partenaire-de-votre-reussite\/","title":{"rendered":"SLF : le partenaire de votre r\u00e9ussite"},"content":{"rendered":"<p>Fond\u00e9 \u00e0 Montr\u00e9al en 1935, SLF entetient depuis longtemps des liens \u00e9troits avec ses clients afin de leur offrir des services personnalis\u00e9s dans le domaine de la comptabilit\u00e9, de la v\u00e9rification, de la fiscalit\u00e9 et de la consultation.<\/p>\n<p>Au fil des ans, nous sommes pass\u00e9s d\u2019un petit cabinet de trois associ\u00e9s \u00e0 une \u00e9quipe multidisciplinaire regroupant des professionnels de haut calibre. Des femmes et des hommes d\u00e9termin\u00e9s \u00e0 mettre leurs talents d\u2019analyse et leurs savoir-faire en r\u00e9solution de probl\u00e8mes au service de nos clients, au Canada comme ailleurs dans le monde.<\/p>\n<p>Nos professionnels chevronn\u00e9s sont l\u00e0 pour vous offrir tous les avantages propres aux grands cabinets tout en vous y ajoutant la souplesse et la touche personnalis\u00e9e d\u2019un cabinet de petite taille.<\/p>\n","protected":false},"excerpt":{"rendered":"<p>Fond\u00e9 \u00e0 Montr\u00e9al en 1935, SLF entetient depuis longtemps des liens \u00e9troits avec ses clients afin de leur offrir des services personnalis\u00e9s dans le domaine de la comptabilit\u00e9, de la v\u00e9rification, de la fiscalit\u00e9 et de la consultation. Au fil des ans, nous sommes pass\u00e9s d\u2019un petit cabinet de trois associ\u00e9s \u00e0 une \u00e9quipe multidisciplinaire [&hellip;]<\/p>\n","protected":false},"author":2,"featured_media":0,"parent":0,"menu_order":0,"comment_status":"closed","ping_status":"closed","template":"templates\/team.php","meta":{"_acf_changed":false,"footnotes":""},"class_list":["post-605","page","type-page","status-publish","hentry"],"acf":[],"_links":{"self":[{"href":"https:\/\/slfcpa.ca\/fr\/wp-json\/wp\/v2\/pages\/605","targetHints":{"allow":["GET"]}}],"collection":[{"href":"https:\/\/slfcpa.ca\/fr\/wp-json\/wp\/v2\/pages"}],"about":[{"href":"https:\/\/slfcpa.ca\/fr\/wp-json\/wp\/v2\/types\/page"}],"author":[{"embeddable":true,"href":"https:\/\/slfcpa.ca\/fr\/wp-json\/wp\/v2\/users\/2"}],"replies":[{"embeddable":true,"href":"https:\/\/slfcpa.ca\/fr\/wp-json\/wp\/v2\/comments?post=605"}],"version-history":[{"count":4,"href":"https:\/\/slfcpa.ca\/fr\/wp-json\/wp\/v2\/pages\/605\/revisions"}],"predecessor-version":[{"id":2484,"href":"https:\/\/slfcpa.ca\/fr\/wp-json\/wp\/v2\/pages\/605\/revisions\/2484"}],"wp:attachment":[{"href":"https:\/\/slfcpa.ca\/fr\/wp-json\/wp\/v2\/media?parent=605"}],"curies":[{"name":"wp","href":"https:\/\/api.w.org\/{rel}","templated":true}]}}