{"id":603,"date":"2018-02-17T20:08:02","date_gmt":"2018-02-18T01:08:02","guid":{"rendered":"https:\/\/slfcpa.ca\/?page_id=603"},"modified":"2021-03-04T16:43:24","modified_gmt":"2021-03-04T21:43:24","slug":"services-de-fiscalite","status":"publish","type":"page","link":"https:\/\/slfcpa.ca\/fr\/services\/services-de-fiscalite\/","title":{"rendered":"Services de fiscalit\u00e9"},"content":{"rendered":"<p>Avec tous les d\u00e9fis inh\u00e9rents au monde des affaires, faire appel aux services d\u2019un professionnel en planification fiscale n\u2019est pas un luxe. Au contraire, c\u2019est un <strong>investissement strat\u00e9gique<\/strong>. Est-ce que l\u2019un de ces sc\u00e9narios vous dit quelque chose?<\/p>\n<ul>\n<li>Votre entreprise devient profitable et grandit.<\/li>\n<li>La structure de votre entreprise se complexifie.<\/li>\n<li>Le gouvernement a modifi\u00e9 les lois fiscales et vous n\u2019\u00eates pas certains de l\u2019impact de ces modifications sur votre entreprise.<\/li>\n<li>Vous \u00eates sur le point d\u2019acqu\u00e9rir une entreprise ou une propri\u00e9t\u00e9.<\/li>\n<li>Vous \u00eates sur le point de vous dessaisir d\u2019une unit\u00e9 de production ou de vendre un actif.<\/li>\n<li>Vous \u00eates sur le point d\u2019acc\u00e9der \u00e0 des march\u00e9s internationaux.<\/li>\n<li>Vous avez d\u00e9cid\u00e9 de vendre votre entreprise ou de la transf\u00e9rer \u00e0 un membre de votre famille.<\/li>\n<li>Vous souhaitez obtenir de l\u2019aide pour planifier votre retraite et r\u00e9partir votre patrimoine.<\/li>\n<\/ul>\n<p>Dans ces situations, comme dans bien d\u2019autres, une bonne planification fiscale est essentielle pour r\u00e9duire les d\u00e9penses, prot\u00e9ger vos actifs et fournir \u00e0 votre \u00e9quipe de direction les outils n\u00e9cessaires pour prendre des d\u00e9cisions efficaces, rentables et \u00e9conomiques.<\/p>\n<p>&nbsp;<\/p>\n<p><img loading=\"lazy\" decoding=\"async\" class=\"alignnone wp-image-1523\" src=\"https:\/\/slfcpa.ca\/wp-content\/uploads\/2019\/09\/iStock-896613410-300x150.png\" alt=\"\" width=\"900\" height=\"450\" srcset=\"https:\/\/slfcpa.ca\/wp-content\/uploads\/2019\/09\/iStock-896613410-300x150.png 300w, https:\/\/slfcpa.ca\/wp-content\/uploads\/2019\/09\/iStock-896613410-768x384.png 768w, https:\/\/slfcpa.ca\/wp-content\/uploads\/2019\/09\/iStock-896613410-1024x511.png 1024w, https:\/\/slfcpa.ca\/wp-content\/uploads\/2019\/09\/iStock-896613410-1061x530.png 1061w, https:\/\/slfcpa.ca\/wp-content\/uploads\/2019\/09\/iStock-896613410-350x175.png 350w, https:\/\/slfcpa.ca\/wp-content\/uploads\/2019\/09\/iStock-896613410.png 1800w\" sizes=\"auto, (max-width: 900px) 100vw, 900px\" \/><\/p>\n<p>&nbsp;<\/p>\n<p>Laissez nos sp\u00e9cialistes vous indiquer les meilleures options qui s\u2019offrent \u00e0 vous et vous <strong>proposer des solutions cr\u00e9atives et efficaces<\/strong>. Mettez notre expertise \u00e0 votre service dans les domaines suivants :<\/p>\n<ul>\n<li>planification et conformit\u00e9 (fiscalit\u00e9 commerciale);<\/li>\n<li>planification et conformit\u00e9 (fiscalit\u00e9 personnelle);<\/li>\n<li>planification de la retraite et planification successorale;<\/li>\n<li>restructuration d\u2019entreprise;<\/li>\n<li>fiscalit\u00e9 internationale :\n<ul>\n<li>planification,<\/li>\n<li>conformit\u00e9,<\/li>\n<li>prix de cession interne,<\/li>\n<li>expatri\u00e9s;<\/li>\n<\/ul>\n<\/li>\n<li>fusions et acquisitions.<\/li>\n<\/ul>\n<h2>Services li\u00e9s \u00e0 la TPS et \u00e0 la TVQ<\/h2>\n<p>Nous sommes \u00e9galement disponibles pour prendre la rel\u00e8ve dans vos dossiers li\u00e9s \u00e0 la TPS et \u00e0 la TVQ, de fa\u00e7on \u00e0 <strong>minimiser vos risques<\/strong> et \u00e0 <strong>maximiser votre productivit\u00e9<\/strong>. Nous pouvons vous aider \u00e0 :<\/p>\n<ul>\n<li>mieux comprendre vos obligations concernant la TPS et la TVQ, et \u00e0 les remplir ad\u00e9quatement;<\/li>\n<li>r\u00e9soudre vos probl\u00e8mes de calcul de la TPS et de la TVQ;<\/li>\n<li>faire une divulgation volontaire pour \u00e9viter l\u2019imposition de p\u00e9nalit\u00e9s sur les montants de TPS et de TVQ impay\u00e9s;<\/li>\n<li>remplir vos obligations en tant que non-r\u00e9sident exploitant une entreprise au Canada.<\/li>\n<\/ul>\n","protected":false},"excerpt":{"rendered":"<p>Avec tous les d\u00e9fis inh\u00e9rents au monde des affaires, faire appel aux services d\u2019un professionnel en planification fiscale n\u2019est pas un luxe. Au contraire, c\u2019est un investissement strat\u00e9gique. Est-ce que l\u2019un de ces sc\u00e9narios vous dit quelque chose? Votre entreprise devient profitable et grandit. La structure de votre entreprise se complexifie. Le gouvernement a modifi\u00e9 [&hellip;]<\/p>\n","protected":false},"author":2,"featured_media":0,"parent":584,"menu_order":0,"comment_status":"closed","ping_status":"closed","template":"","meta":{"_acf_changed":false,"footnotes":""},"class_list":["post-603","page","type-page","status-publish","hentry"],"acf":[],"_links":{"self":[{"href":"https:\/\/slfcpa.ca\/fr\/wp-json\/wp\/v2\/pages\/603","targetHints":{"allow":["GET"]}}],"collection":[{"href":"https:\/\/slfcpa.ca\/fr\/wp-json\/wp\/v2\/pages"}],"about":[{"href":"https:\/\/slfcpa.ca\/fr\/wp-json\/wp\/v2\/types\/page"}],"author":[{"embeddable":true,"href":"https:\/\/slfcpa.ca\/fr\/wp-json\/wp\/v2\/users\/2"}],"replies":[{"embeddable":true,"href":"https:\/\/slfcpa.ca\/fr\/wp-json\/wp\/v2\/comments?post=603"}],"version-history":[{"count":6,"href":"https:\/\/slfcpa.ca\/fr\/wp-json\/wp\/v2\/pages\/603\/revisions"}],"predecessor-version":[{"id":2571,"href":"https:\/\/slfcpa.ca\/fr\/wp-json\/wp\/v2\/pages\/603\/revisions\/2571"}],"up":[{"embeddable":true,"href":"https:\/\/slfcpa.ca\/fr\/wp-json\/wp\/v2\/pages\/584"}],"wp:attachment":[{"href":"https:\/\/slfcpa.ca\/fr\/wp-json\/wp\/v2\/media?parent=603"}],"curies":[{"name":"wp","href":"https:\/\/api.w.org\/{rel}","templated":true}]}}