{"id":601,"date":"2018-02-17T20:04:08","date_gmt":"2018-02-18T01:04:08","guid":{"rendered":"https:\/\/slfcpa.ca\/?page_id=601"},"modified":"2021-03-02T13:01:47","modified_gmt":"2021-03-02T18:01:47","slug":"recherche-scientifique-et-developpement-experimental","status":"publish","type":"page","link":"https:\/\/slfcpa.ca\/fr\/services\/recherche-scientifique-et-developpement-experimental\/","title":{"rendered":"Recherche scientifique et d\u00e9veloppement exp\u00e9rimental"},"content":{"rendered":"<p>Le Programme f\u00e9d\u00e9ral d\u2019encouragements fiscaux pour la recherche scientifique et le d\u00e9veloppement exp\u00e9rimental (RS&amp;DE) vise \u00e0 encourager les entreprises canadiennes de toutes les tailles et de tous les secteurs \u00e0 faire de la recherche et du d\u00e9veloppement au Canada. Il s\u2019agit de la plus importante source f\u00e9d\u00e9rale de soutien pour la recherche et le d\u00e9veloppement industriels.<\/p>\n<p>Profiter du soutien de ce programme pourrait \u00eatre la cl\u00e9 pour assurer la croissance de votre entreprise et l\u2019exploration de nouveaux march\u00e9s. Vous n\u2019avez pas le temps de g\u00e9rer les dossiers de demande du programme? Vous pr\u00e9f\u00e9rez vous consacrer aux t\u00e2ches vraiment importantes? Laissez nos experts s\u2019en occuper \u00e0 votre place! Ils sauront vous conseiller et vous sugg\u00e9rer de bons plans fiscaux pour am\u00e9liorer votre rendement.<\/p>\n","protected":false},"excerpt":{"rendered":"<p>Le Programme f\u00e9d\u00e9ral d\u2019encouragements fiscaux pour la recherche scientifique et le d\u00e9veloppement exp\u00e9rimental (RS&amp;DE) vise \u00e0 encourager les entreprises canadiennes de toutes les tailles et de tous les secteurs \u00e0 faire de la recherche et du d\u00e9veloppement au Canada. Il s\u2019agit de la plus importante source f\u00e9d\u00e9rale de soutien pour la recherche et le d\u00e9veloppement [&hellip;]<\/p>\n","protected":false},"author":2,"featured_media":0,"parent":584,"menu_order":0,"comment_status":"closed","ping_status":"closed","template":"","meta":{"_acf_changed":false,"footnotes":""},"class_list":["post-601","page","type-page","status-publish","hentry"],"acf":[],"_links":{"self":[{"href":"https:\/\/slfcpa.ca\/fr\/wp-json\/wp\/v2\/pages\/601","targetHints":{"allow":["GET"]}}],"collection":[{"href":"https:\/\/slfcpa.ca\/fr\/wp-json\/wp\/v2\/pages"}],"about":[{"href":"https:\/\/slfcpa.ca\/fr\/wp-json\/wp\/v2\/types\/page"}],"author":[{"embeddable":true,"href":"https:\/\/slfcpa.ca\/fr\/wp-json\/wp\/v2\/users\/2"}],"replies":[{"embeddable":true,"href":"https:\/\/slfcpa.ca\/fr\/wp-json\/wp\/v2\/comments?post=601"}],"version-history":[{"count":3,"href":"https:\/\/slfcpa.ca\/fr\/wp-json\/wp\/v2\/pages\/601\/revisions"}],"predecessor-version":[{"id":2414,"href":"https:\/\/slfcpa.ca\/fr\/wp-json\/wp\/v2\/pages\/601\/revisions\/2414"}],"up":[{"embeddable":true,"href":"https:\/\/slfcpa.ca\/fr\/wp-json\/wp\/v2\/pages\/584"}],"wp:attachment":[{"href":"https:\/\/slfcpa.ca\/fr\/wp-json\/wp\/v2\/media?parent=601"}],"curies":[{"name":"wp","href":"https:\/\/api.w.org\/{rel}","templated":true}]}}