{"id":599,"date":"2018-02-17T20:03:21","date_gmt":"2018-02-18T01:03:21","guid":{"rendered":"https:\/\/slfcpa.ca\/?page_id=599"},"modified":"2021-03-02T13:00:58","modified_gmt":"2021-03-02T18:00:58","slug":"fusions-et-acquisitions","status":"publish","type":"page","link":"https:\/\/slfcpa.ca\/fr\/services\/fusions-et-acquisitions\/","title":{"rendered":"Fusions et acquisitions"},"content":{"rendered":"<p>Si vous pr\u00e9voyez faire une fusion ou une acquisition, demandez \u00e0 nos experts de vous aider \u00e0 g\u00e9rer les volets financiers et comptables de la transaction afin que <strong>tout se passe sans anicroche<\/strong>. Conform\u00e9ment aux normes comptables internationales, plusieurs m\u00e9thodes sont acceptables pour \u00e9valuer une soci\u00e9t\u00e9 lors d\u2019une fusion ou d\u2019une acquisition. \u00c9tant bien au fait des avantages et des inconv\u00e9nients de ces diff\u00e9rentes m\u00e9thodes, nous serons \u00e0 m\u00eame de vous conseiller ad\u00e9quatement.<\/p>\n<p>Nous offrons \u00e9galement plusieurs services \u00e0 valeur ajout\u00e9e pour vous aider lors de vos d\u00e9marches de fusion, d\u2019acquisition ou de dessaisissement :<\/p>\n<ul>\n<li>soutien pendant les n\u00e9gociations;<\/li>\n<li>soutien \u00e0 l\u2019obtention de financement;<\/li>\n<li>diligence raisonnable pr\u00e9alable \u00e0 une acquisition;<\/li>\n<li>pr\u00e9paration des plans d\u2019affaires et des pr\u00e9visions financi\u00e8res.<\/li>\n<\/ul>\n","protected":false},"excerpt":{"rendered":"<p>Si vous pr\u00e9voyez faire une fusion ou une acquisition, demandez \u00e0 nos experts de vous aider \u00e0 g\u00e9rer les volets financiers et comptables de la transaction afin que tout se passe sans anicroche. Conform\u00e9ment aux normes comptables internationales, plusieurs m\u00e9thodes sont acceptables pour \u00e9valuer une soci\u00e9t\u00e9 lors d\u2019une fusion ou d\u2019une acquisition. \u00c9tant bien au [&hellip;]<\/p>\n","protected":false},"author":2,"featured_media":0,"parent":584,"menu_order":0,"comment_status":"closed","ping_status":"closed","template":"","meta":{"_acf_changed":false,"footnotes":""},"class_list":["post-599","page","type-page","status-publish","hentry"],"acf":[],"_links":{"self":[{"href":"https:\/\/slfcpa.ca\/fr\/wp-json\/wp\/v2\/pages\/599","targetHints":{"allow":["GET"]}}],"collection":[{"href":"https:\/\/slfcpa.ca\/fr\/wp-json\/wp\/v2\/pages"}],"about":[{"href":"https:\/\/slfcpa.ca\/fr\/wp-json\/wp\/v2\/types\/page"}],"author":[{"embeddable":true,"href":"https:\/\/slfcpa.ca\/fr\/wp-json\/wp\/v2\/users\/2"}],"replies":[{"embeddable":true,"href":"https:\/\/slfcpa.ca\/fr\/wp-json\/wp\/v2\/comments?post=599"}],"version-history":[{"count":3,"href":"https:\/\/slfcpa.ca\/fr\/wp-json\/wp\/v2\/pages\/599\/revisions"}],"predecessor-version":[{"id":2413,"href":"https:\/\/slfcpa.ca\/fr\/wp-json\/wp\/v2\/pages\/599\/revisions\/2413"}],"up":[{"embeddable":true,"href":"https:\/\/slfcpa.ca\/fr\/wp-json\/wp\/v2\/pages\/584"}],"wp:attachment":[{"href":"https:\/\/slfcpa.ca\/fr\/wp-json\/wp\/v2\/media?parent=599"}],"curies":[{"name":"wp","href":"https:\/\/api.w.org\/{rel}","templated":true}]}}