{"id":597,"date":"2018-02-17T20:01:50","date_gmt":"2018-02-18T01:01:50","guid":{"rendered":"https:\/\/slfcpa.ca\/?page_id=597"},"modified":"2021-03-02T12:59:49","modified_gmt":"2021-03-02T17:59:49","slug":"soutien-juridique","status":"publish","type":"page","link":"https:\/\/slfcpa.ca\/fr\/services\/soutien-juridique\/","title":{"rendered":"Soutien juridique"},"content":{"rendered":"<p>Pour toutes formes de recours en justice, d\u2019arbitrage et de m\u00e9diation, notre \u00e9quipe d\u2019experts peut vous offrir des analyses financi\u00e8res d\u00e9taill\u00e9es et un r\u00e9sum\u00e9 des dommages \u00e9conomiques dans une grande diversit\u00e9 de situations, notamment dans les cas de :<\/p>\n<ul>\n<li>conflits matrimoniaux, y compris les allocations;<\/li>\n<li>interruptions d\u2019entreprise;<\/li>\n<li>r\u00e9clamations d\u2019assurance pour les interruptions d\u2019entreprise et les pertes d\u2019actifs;<\/li>\n<li>indemnisations pour les blessures et les accidents personnels;<\/li>\n<li>bris de contrat;<\/li>\n<li>diff\u00e9rends entre actionnaires;<\/li>\n<li>expropriation des int\u00e9r\u00eats commerciaux;<\/li>\n<li>dommages attribuables aux perturbations;<\/li>\n<li>co\u00fbts de relocation;<\/li>\n<li>pertes de revenu d\u2019entreprise ou d\u2019emploi \u00e0 la suite d\u2019un accident automobile ou autre;<\/li>\n<li>cong\u00e9diement injustifi\u00e9;<\/li>\n<li>d\u00e9lits ayant entra\u00een\u00e9 la mort.<\/li>\n<\/ul>\n<p>&nbsp;<\/p>\n<p><strong>Nous pouvons \u00e9galement travailler avec vos \u00e9quipes juridiques :<\/strong><\/p>\n<ul>\n<li>en les aidant \u00e0 pr\u00e9parer le contre-interrogatoire des experts appel\u00e9s par la partie adverse;<\/li>\n<li>en leur fournissant des t\u00e9moignages d\u2019experts \u00e0 la Cour et aux commissions d\u2019enqu\u00eate.<\/li>\n<\/ul>\n","protected":false},"excerpt":{"rendered":"<p>Pour toutes formes de recours en justice, d\u2019arbitrage et de m\u00e9diation, notre \u00e9quipe d\u2019experts peut vous offrir des analyses financi\u00e8res d\u00e9taill\u00e9es et un r\u00e9sum\u00e9 des dommages \u00e9conomiques dans une grande diversit\u00e9 de situations, notamment dans les cas de : conflits matrimoniaux, y compris les allocations; interruptions d\u2019entreprise; r\u00e9clamations d\u2019assurance pour les interruptions d\u2019entreprise et les [&hellip;]<\/p>\n","protected":false},"author":2,"featured_media":0,"parent":584,"menu_order":0,"comment_status":"closed","ping_status":"closed","template":"","meta":{"_acf_changed":false,"footnotes":""},"class_list":["post-597","page","type-page","status-publish","hentry"],"acf":[],"_links":{"self":[{"href":"https:\/\/slfcpa.ca\/fr\/wp-json\/wp\/v2\/pages\/597","targetHints":{"allow":["GET"]}}],"collection":[{"href":"https:\/\/slfcpa.ca\/fr\/wp-json\/wp\/v2\/pages"}],"about":[{"href":"https:\/\/slfcpa.ca\/fr\/wp-json\/wp\/v2\/types\/page"}],"author":[{"embeddable":true,"href":"https:\/\/slfcpa.ca\/fr\/wp-json\/wp\/v2\/users\/2"}],"replies":[{"embeddable":true,"href":"https:\/\/slfcpa.ca\/fr\/wp-json\/wp\/v2\/comments?post=597"}],"version-history":[{"count":10,"href":"https:\/\/slfcpa.ca\/fr\/wp-json\/wp\/v2\/pages\/597\/revisions"}],"predecessor-version":[{"id":2412,"href":"https:\/\/slfcpa.ca\/fr\/wp-json\/wp\/v2\/pages\/597\/revisions\/2412"}],"up":[{"embeddable":true,"href":"https:\/\/slfcpa.ca\/fr\/wp-json\/wp\/v2\/pages\/584"}],"wp:attachment":[{"href":"https:\/\/slfcpa.ca\/fr\/wp-json\/wp\/v2\/media?parent=597"}],"curies":[{"name":"wp","href":"https:\/\/api.w.org\/{rel}","templated":true}]}}