{"id":595,"date":"2018-02-17T20:00:31","date_gmt":"2018-02-18T01:00:31","guid":{"rendered":"https:\/\/slfcpa.ca\/?page_id=595"},"modified":"2021-03-02T12:59:00","modified_gmt":"2021-03-02T17:59:00","slug":"services-internationaux","status":"publish","type":"page","link":"https:\/\/slfcpa.ca\/fr\/services\/services-internationaux\/","title":{"rendered":"Services internationaux"},"content":{"rendered":"<p>Notre \u00e9quipe de comptables exp\u00e9riment\u00e9s est en mesure de vous aider au-del\u00e0 des fronti\u00e8res canadiennes. Gr\u00e2ce \u00e0 notre expertise des march\u00e9s am\u00e9ricains et des march\u00e9s \u00e9mergents, pour ne nommer que ceux-l\u00e0, nous veillons au respect de la r\u00e9glementation internationale, nous offrons un soutien en mati\u00e8re de gouvernance d\u2019entreprise et nous menons les activit\u00e9s de diligence raisonnable n\u00e9cessaires pour prot\u00e9ger vos int\u00e9r\u00eats. Bref, nous faisons en sorte que <strong>vous puissiez mener vos activit\u00e9s \u00e0 l\u2019international en toute confiance<\/strong>.<\/p>\n<p>Notre association avec HLB International nous garantit d\u2019avoir les connaissances et l\u2019expertise indispensables pour r\u00e9ussir sur le march\u00e9 international. Le r\u00e9seau HLB International et les cabinets qui en font partie regroupent pas moins de 1 750 associ\u00e9s, 14 000 employ\u00e9s et 480 bureaux pr\u00e9sents dans plus de 100 pays.<\/p>\n","protected":false},"excerpt":{"rendered":"<p>Notre \u00e9quipe de comptables exp\u00e9riment\u00e9s est en mesure de vous aider au-del\u00e0 des fronti\u00e8res canadiennes. Gr\u00e2ce \u00e0 notre expertise des march\u00e9s am\u00e9ricains et des march\u00e9s \u00e9mergents, pour ne nommer que ceux-l\u00e0, nous veillons au respect de la r\u00e9glementation internationale, nous offrons un soutien en mati\u00e8re de gouvernance d\u2019entreprise et nous menons les activit\u00e9s de diligence [&hellip;]<\/p>\n","protected":false},"author":2,"featured_media":0,"parent":584,"menu_order":0,"comment_status":"closed","ping_status":"closed","template":"","meta":{"_acf_changed":false,"footnotes":""},"class_list":["post-595","page","type-page","status-publish","hentry"],"acf":[],"_links":{"self":[{"href":"https:\/\/slfcpa.ca\/fr\/wp-json\/wp\/v2\/pages\/595","targetHints":{"allow":["GET"]}}],"collection":[{"href":"https:\/\/slfcpa.ca\/fr\/wp-json\/wp\/v2\/pages"}],"about":[{"href":"https:\/\/slfcpa.ca\/fr\/wp-json\/wp\/v2\/types\/page"}],"author":[{"embeddable":true,"href":"https:\/\/slfcpa.ca\/fr\/wp-json\/wp\/v2\/users\/2"}],"replies":[{"embeddable":true,"href":"https:\/\/slfcpa.ca\/fr\/wp-json\/wp\/v2\/comments?post=595"}],"version-history":[{"count":3,"href":"https:\/\/slfcpa.ca\/fr\/wp-json\/wp\/v2\/pages\/595\/revisions"}],"predecessor-version":[{"id":2411,"href":"https:\/\/slfcpa.ca\/fr\/wp-json\/wp\/v2\/pages\/595\/revisions\/2411"}],"up":[{"embeddable":true,"href":"https:\/\/slfcpa.ca\/fr\/wp-json\/wp\/v2\/pages\/584"}],"wp:attachment":[{"href":"https:\/\/slfcpa.ca\/fr\/wp-json\/wp\/v2\/media?parent=595"}],"curies":[{"name":"wp","href":"https:\/\/api.w.org\/{rel}","templated":true}]}}