{"id":593,"date":"2018-02-17T19:59:20","date_gmt":"2018-02-18T00:59:20","guid":{"rendered":"https:\/\/slfcpa.ca\/?page_id=593"},"modified":"2021-03-02T12:58:08","modified_gmt":"2021-03-02T17:58:08","slug":"juricomptabilite","status":"publish","type":"page","link":"https:\/\/slfcpa.ca\/fr\/services\/juricomptabilite\/","title":{"rendered":"Juricomptabilit\u00e9"},"content":{"rendered":"<p>Vous avez besoin de soutien juricomptable dans le cadre d\u2019une enqu\u00eate pour fraude ou d\u00e9tournement de fonds? Nos experts sont outill\u00e9s pour obtenir des r\u00e9sultats concrets, rapides et efficaces. Nous avons une solide exp\u00e9rience en r\u00e9solution de dossiers de juricomptabilit\u00e9 en collaboration avec des institutions financi\u00e8res, des multinationales, des organismes d\u2019application de la loi, des entit\u00e9s gouvernementales, des compagnies d\u2019assurances et la communaut\u00e9 juridique.<\/p>\n<p>Nos mandats vont de l\u2019examen de livres comptables et d\u2019\u00e9tats financiers \u00e0 la recherche d\u2019actifs internationaux, en passant par la r\u00e9solution d\u2019irr\u00e9gularit\u00e9s financi\u00e8res complexes. Vous pouvez compter sur notre connaissance des techniques d\u2019enqu\u00eate et des questions financi\u00e8res pour r\u00e9soudre vos dossiers les plus \u00e9pineux, dont :<\/p>\n<ul>\n<li>la disparition d\u2019argent, d\u2019inventaires ou d\u2019actifs;<\/li>\n<li>la sur\u00e9valuation d\u2019actifs;<\/li>\n<li>les passifs non comptabilis\u00e9s;<\/li>\n<li>les r\u00e9clamations d\u2019assurance;<\/li>\n<li>les fraudes salariales;<\/li>\n<li>les fraudes par carte de cr\u00e9dit;<\/li>\n<li>les fraudes informatiques et les fraudes dans les t\u00e9l\u00e9communications;<\/li>\n<li>les fraudes bancaires.<\/li>\n<\/ul>\n","protected":false},"excerpt":{"rendered":"<p>Vous avez besoin de soutien juricomptable dans le cadre d\u2019une enqu\u00eate pour fraude ou d\u00e9tournement de fonds? Nos experts sont outill\u00e9s pour obtenir des r\u00e9sultats concrets, rapides et efficaces. Nous avons une solide exp\u00e9rience en r\u00e9solution de dossiers de juricomptabilit\u00e9 en collaboration avec des institutions financi\u00e8res, des multinationales, des organismes d\u2019application de la loi, des [&hellip;]<\/p>\n","protected":false},"author":2,"featured_media":0,"parent":584,"menu_order":0,"comment_status":"closed","ping_status":"closed","template":"","meta":{"_acf_changed":false,"footnotes":""},"class_list":["post-593","page","type-page","status-publish","hentry"],"acf":[],"_links":{"self":[{"href":"https:\/\/slfcpa.ca\/fr\/wp-json\/wp\/v2\/pages\/593","targetHints":{"allow":["GET"]}}],"collection":[{"href":"https:\/\/slfcpa.ca\/fr\/wp-json\/wp\/v2\/pages"}],"about":[{"href":"https:\/\/slfcpa.ca\/fr\/wp-json\/wp\/v2\/types\/page"}],"author":[{"embeddable":true,"href":"https:\/\/slfcpa.ca\/fr\/wp-json\/wp\/v2\/users\/2"}],"replies":[{"embeddable":true,"href":"https:\/\/slfcpa.ca\/fr\/wp-json\/wp\/v2\/comments?post=593"}],"version-history":[{"count":3,"href":"https:\/\/slfcpa.ca\/fr\/wp-json\/wp\/v2\/pages\/593\/revisions"}],"predecessor-version":[{"id":2410,"href":"https:\/\/slfcpa.ca\/fr\/wp-json\/wp\/v2\/pages\/593\/revisions\/2410"}],"up":[{"embeddable":true,"href":"https:\/\/slfcpa.ca\/fr\/wp-json\/wp\/v2\/pages\/584"}],"wp:attachment":[{"href":"https:\/\/slfcpa.ca\/fr\/wp-json\/wp\/v2\/media?parent=593"}],"curies":[{"name":"wp","href":"https:\/\/api.w.org\/{rel}","templated":true}]}}