{"id":591,"date":"2018-02-17T19:57:46","date_gmt":"2018-02-18T00:57:46","guid":{"rendered":"https:\/\/slfcpa.ca\/?page_id=591"},"modified":"2021-03-02T12:57:10","modified_gmt":"2021-03-02T17:57:10","slug":"evaluation-dentreprise","status":"publish","type":"page","link":"https:\/\/slfcpa.ca\/fr\/services\/evaluation-dentreprise\/","title":{"rendered":"\u00c9valuation d\u2019entreprise"},"content":{"rendered":"<p>Notre statut d\u2019\u00e9valuateur et de conseiller ind\u00e9pendant fait de nous des alli\u00e9s incontournables pour votre entreprise. Nous vous offrons un grand \u00e9ventail de services : soutien juridique, planification fiscale et successorale et services-conseils en mati\u00e8re d\u2019acquisition, de fusion et de r\u00e9organisation d\u2019entreprise. Nos sp\u00e9cialistes pourront \u00e9galement vous aider si vous souhaitez modifier le statut de votre soci\u00e9t\u00e9 ouverte ou ferm\u00e9e.<\/p>\n<p>Notre expertise est souvent requise par des professionnels du domaine juridique et des soci\u00e9t\u00e9s ouvertes et fermes en ce qui a trait :<\/p>\n<ul>\n<li>aux conflits matrimoniaux;<\/li>\n<li>aux acquisitions, fusions, dessaisissements et r\u00e9organisations;<\/li>\n<li>aux diff\u00e9rends entre actionnaires;<\/li>\n<li>\u00e0 la planification fiscale et successorale;<\/li>\n<li>\u00e0 la transformation en soci\u00e9t\u00e9 ouverte ou ferm\u00e9e;<\/li>\n<li>aux attestations d\u2019\u00e9quit\u00e9;<\/li>\n<li>aux assurances;<\/li>\n<li>\u00e0 l\u2019\u00e9valuation de la d\u00e9pr\u00e9ciation de l\u2019\u00e9cart d\u2019acquisition.<\/li>\n<\/ul>\n","protected":false},"excerpt":{"rendered":"<p>Notre statut d\u2019\u00e9valuateur et de conseiller ind\u00e9pendant fait de nous des alli\u00e9s incontournables pour votre entreprise. Nous vous offrons un grand \u00e9ventail de services : soutien juridique, planification fiscale et successorale et services-conseils en mati\u00e8re d\u2019acquisition, de fusion et de r\u00e9organisation d\u2019entreprise. Nos sp\u00e9cialistes pourront \u00e9galement vous aider si vous souhaitez modifier le statut de [&hellip;]<\/p>\n","protected":false},"author":2,"featured_media":0,"parent":584,"menu_order":0,"comment_status":"closed","ping_status":"closed","template":"","meta":{"_acf_changed":false,"footnotes":""},"class_list":["post-591","page","type-page","status-publish","hentry"],"acf":[],"_links":{"self":[{"href":"https:\/\/slfcpa.ca\/fr\/wp-json\/wp\/v2\/pages\/591","targetHints":{"allow":["GET"]}}],"collection":[{"href":"https:\/\/slfcpa.ca\/fr\/wp-json\/wp\/v2\/pages"}],"about":[{"href":"https:\/\/slfcpa.ca\/fr\/wp-json\/wp\/v2\/types\/page"}],"author":[{"embeddable":true,"href":"https:\/\/slfcpa.ca\/fr\/wp-json\/wp\/v2\/users\/2"}],"replies":[{"embeddable":true,"href":"https:\/\/slfcpa.ca\/fr\/wp-json\/wp\/v2\/comments?post=591"}],"version-history":[{"count":3,"href":"https:\/\/slfcpa.ca\/fr\/wp-json\/wp\/v2\/pages\/591\/revisions"}],"predecessor-version":[{"id":2407,"href":"https:\/\/slfcpa.ca\/fr\/wp-json\/wp\/v2\/pages\/591\/revisions\/2407"}],"up":[{"embeddable":true,"href":"https:\/\/slfcpa.ca\/fr\/wp-json\/wp\/v2\/pages\/584"}],"wp:attachment":[{"href":"https:\/\/slfcpa.ca\/fr\/wp-json\/wp\/v2\/media?parent=591"}],"curies":[{"name":"wp","href":"https:\/\/api.w.org\/{rel}","templated":true}]}}