{"id":589,"date":"2018-02-17T19:56:19","date_gmt":"2018-02-18T00:56:19","guid":{"rendered":"https:\/\/slfcpa.ca\/?page_id=589"},"modified":"2021-03-02T12:56:21","modified_gmt":"2021-03-02T17:56:21","slug":"services-conseils-et-consultation","status":"publish","type":"page","link":"https:\/\/slfcpa.ca\/fr\/services\/services-conseils-et-consultation\/","title":{"rendered":"Services-conseils et consultation"},"content":{"rendered":"<p>Votre conseiller travaillera de concert avec vous afin de vous une gamme de services indispensables au bien-\u00eatre actuel et futur de votre entreprise. Le milieu des affaires canadien et international se complexifie sans cesse, il est donc essentiel de pouvoir compter sur un partenaire de confiance, qui poss\u00e8de l\u2019expertise n\u00e9cessaire pour naviguer dans l\u2019univers r\u00e9glementaire, fiscal et comptable dans lequel \u00e9voluent d\u00e9sormais les soci\u00e9t\u00e9s ouvertes et ferm\u00e9es.<\/p>\n<h2>Diligence financi\u00e8re<\/h2>\n<p>Nous sommes l\u00e0 pour vous accompagner dans vos projets d\u2019acquisition \u00e0 l\u2019ext\u00e9rieur du Canada. Nous vous aiderons \u00e0 identifier les obstacles potentiels avant que vous alliez de l\u2019avant de fa\u00e7on \u00e0 vous permettre de <b>maximiser la valeur<\/b> de la transaction pour votre soci\u00e9t\u00e9 et vos actionnaires.<\/p>\n<h2>Services de gestion du patrimoine<\/h2>\n<p>Vous avez besoin de conseils en gestion du patrimoine familial? Nos experts en la mati\u00e8re sont \u00e0 votre service. Ils pourront vous aider \u00e0 g\u00e9rer vos actifs et vos propri\u00e9t\u00e9s aux quatre coins du monde, de m\u00eame que les entreprises et les portefeuilles d\u2019investissements priv\u00e9s de l\u2019ensemble de votre famille. Ils sont \u00e9galement \u00e0 m\u00eame de vous conseiller sur les fa\u00e7ons d\u2019optimiser les retomb\u00e9es de vos dons de charit\u00e9. Nos experts en gestion du patrimoine deviendront rapidement vos <b>directeurs financiers personnels<\/b>!<\/p>\n<h2>Services sp\u00e9cialis\u00e9s dans le secteur des mines, des ressources naturelles, du p\u00e9trole et du gaz<\/h2>\n<p>Nos services-conseils et nos services de consultation sp\u00e9cialis\u00e9s vous aideront \u00e0 tirer votre \u00e9pingle du jeu dans ce secteur complexe en constante \u00e9bullition. Vous pourrez notamment profiter de notre connaissance approfondie de la tarification des mati\u00e8res premi\u00e8res, de la gestion des risques, de la fiscalit\u00e9 et de l\u2019acc\u00e8s aux capitaux. Nous offrons les services suivants\u00a0:<\/p>\n<ul>\n<li>v\u00e9rification et certification;<\/li>\n<li>conformit\u00e9 aux normes comptables canadiennes, am\u00e9ricaines et internationales;<\/li>\n<li>planification et observance fiscales;<\/li>\n<li>assistance lors de transactions sur le march\u00e9 financier;<\/li>\n<li>comptabilit\u00e9 et pr\u00e9paration des \u00e9tats financiers.<\/li>\n<\/ul>\n","protected":false},"excerpt":{"rendered":"<p>Votre conseiller travaillera de concert avec vous afin de vous une gamme de services indispensables au bien-\u00eatre actuel et futur de votre entreprise. Le milieu des affaires canadien et international se complexifie sans cesse, il est donc essentiel de pouvoir compter sur un partenaire de confiance, qui poss\u00e8de l\u2019expertise n\u00e9cessaire pour naviguer dans l\u2019univers r\u00e9glementaire, [&hellip;]<\/p>\n","protected":false},"author":2,"featured_media":0,"parent":584,"menu_order":0,"comment_status":"closed","ping_status":"closed","template":"","meta":{"_acf_changed":false,"footnotes":""},"class_list":["post-589","page","type-page","status-publish","hentry"],"acf":[],"_links":{"self":[{"href":"https:\/\/slfcpa.ca\/fr\/wp-json\/wp\/v2\/pages\/589","targetHints":{"allow":["GET"]}}],"collection":[{"href":"https:\/\/slfcpa.ca\/fr\/wp-json\/wp\/v2\/pages"}],"about":[{"href":"https:\/\/slfcpa.ca\/fr\/wp-json\/wp\/v2\/types\/page"}],"author":[{"embeddable":true,"href":"https:\/\/slfcpa.ca\/fr\/wp-json\/wp\/v2\/users\/2"}],"replies":[{"embeddable":true,"href":"https:\/\/slfcpa.ca\/fr\/wp-json\/wp\/v2\/comments?post=589"}],"version-history":[{"count":4,"href":"https:\/\/slfcpa.ca\/fr\/wp-json\/wp\/v2\/pages\/589\/revisions"}],"predecessor-version":[{"id":2406,"href":"https:\/\/slfcpa.ca\/fr\/wp-json\/wp\/v2\/pages\/589\/revisions\/2406"}],"up":[{"embeddable":true,"href":"https:\/\/slfcpa.ca\/fr\/wp-json\/wp\/v2\/pages\/584"}],"wp:attachment":[{"href":"https:\/\/slfcpa.ca\/fr\/wp-json\/wp\/v2\/media?parent=589"}],"curies":[{"name":"wp","href":"https:\/\/api.w.org\/{rel}","templated":true}]}}