{"id":587,"date":"2018-02-17T19:46:50","date_gmt":"2018-02-18T00:46:50","guid":{"rendered":"https:\/\/slfcpa.ca\/?page_id=587"},"modified":"2021-03-02T12:55:18","modified_gmt":"2021-03-02T17:55:18","slug":"certification","status":"publish","type":"page","link":"https:\/\/slfcpa.ca\/fr\/services\/certification\/","title":{"rendered":"Certification"},"content":{"rendered":"<p>Avec un <b>environnement concurrentiel<\/b> en constante \u00e9volution, les cabinets comptables doivent constamment \u00eatre au fait des nouvelles normes et \u00eatre en mesure de les appliquer de fa\u00e7on \u00e0 r\u00e9pondre le mieux possible aux besoins de leurs clients.<\/p>\n<p>De plus, les cabinets canadiens doivent d\u00e9sormais conjuguer avec la coexistence de l\u2019harmonisation des normes comptables canadiennes avec les normes internationales impos\u00e9es aux soci\u00e9t\u00e9s ouvertes et la possibilit\u00e9 pour les soci\u00e9t\u00e9s ferm\u00e9es et des organismes sans but lucratif d\u2019opter pour les normes comptables propres au Canada.<\/p>\n<p>Aux \u00c9tats-Unis, par ailleurs, les normes comptables demeurent uniques en leur genre, ce qui ajoute un degr\u00e9 de complexit\u00e9 \u00e0 la pr\u00e9paration des rapports financiers. En tant que cabinet de taille moyenne, SLF se trouve dans une <b>position strat\u00e9gique avantageuse<\/b> pour relever ces d\u00e9fis.<\/p>\n<p>Les normes canadiennes de v\u00e9rification et de certification ont \u00e9galement connu des changements majeurs au cours des derni\u00e8res ann\u00e9es. Fort heureusement, nous sommes bien outill\u00e9s pour y faire face avec succ\u00e8s.<\/p>\n<p>Nous offrons un vaste \u00e9ventail de solutions de certification, dont la v\u00e9rification et la compilation. De plus, nous avons mis en place des politiques rigoureuses de contr\u00f4le de la qualit\u00e9 afin d\u2019assurer la qualit\u00e9, l\u2019objectivit\u00e9, l\u2019ind\u00e9pendance et l\u2019int\u00e9grit\u00e9 de nos services. Notre approche fond\u00e9e sur le <b>sens commun<\/b> et l\u2019<b>\u00e9valuation des risques<\/b> tient compte des besoins des diff\u00e9rents joueurs.<\/p>\n<p>Nous travaillons avec des entreprises \u00e0 diff\u00e9rentes \u00e9tapes de leur d\u00e9veloppement et dans de nombreux secteurs, au Canada comme \u00e0 l\u2019\u00e9tranger\u00a0: mines, secteur gazier et p\u00e9trolier, agriculture, automobile, transport, industrie pharmaceutique, vente au d\u00e9tail, distribution et secteur manufacturier.<\/p>\n","protected":false},"excerpt":{"rendered":"<p>Avec un environnement concurrentiel en constante \u00e9volution, les cabinets comptables doivent constamment \u00eatre au fait des nouvelles normes et \u00eatre en mesure de les appliquer de fa\u00e7on \u00e0 r\u00e9pondre le mieux possible aux besoins de leurs clients. De plus, les cabinets canadiens doivent d\u00e9sormais conjuguer avec la coexistence de l\u2019harmonisation des normes comptables canadiennes avec [&hellip;]<\/p>\n","protected":false},"author":2,"featured_media":0,"parent":584,"menu_order":0,"comment_status":"closed","ping_status":"closed","template":"","meta":{"_acf_changed":false,"footnotes":""},"class_list":["post-587","page","type-page","status-publish","hentry"],"acf":[],"_links":{"self":[{"href":"https:\/\/slfcpa.ca\/fr\/wp-json\/wp\/v2\/pages\/587","targetHints":{"allow":["GET"]}}],"collection":[{"href":"https:\/\/slfcpa.ca\/fr\/wp-json\/wp\/v2\/pages"}],"about":[{"href":"https:\/\/slfcpa.ca\/fr\/wp-json\/wp\/v2\/types\/page"}],"author":[{"embeddable":true,"href":"https:\/\/slfcpa.ca\/fr\/wp-json\/wp\/v2\/users\/2"}],"replies":[{"embeddable":true,"href":"https:\/\/slfcpa.ca\/fr\/wp-json\/wp\/v2\/comments?post=587"}],"version-history":[{"count":5,"href":"https:\/\/slfcpa.ca\/fr\/wp-json\/wp\/v2\/pages\/587\/revisions"}],"predecessor-version":[{"id":2405,"href":"https:\/\/slfcpa.ca\/fr\/wp-json\/wp\/v2\/pages\/587\/revisions\/2405"}],"up":[{"embeddable":true,"href":"https:\/\/slfcpa.ca\/fr\/wp-json\/wp\/v2\/pages\/584"}],"wp:attachment":[{"href":"https:\/\/slfcpa.ca\/fr\/wp-json\/wp\/v2\/media?parent=587"}],"curies":[{"name":"wp","href":"https:\/\/api.w.org\/{rel}","templated":true}]}}