{"id":584,"date":"2018-02-17T19:43:31","date_gmt":"2018-02-18T00:43:31","guid":{"rendered":"https:\/\/slfcpa.ca\/?page_id=584"},"modified":"2021-03-04T10:10:17","modified_gmt":"2021-03-04T15:10:17","slug":"services","status":"publish","type":"page","link":"https:\/\/slfcpa.ca\/fr\/services\/","title":{"rendered":"Services"},"content":{"rendered":"<p>Depuis 1935, nous travaillons sans rel\u00e2che pour proposer des solutions in\u00e9dites et novatrices \u00e0 nos clients en mati\u00e8re de comptabilit\u00e9, de finance et de gestion. N\u2019h\u00e9sitez pas \u00e0 tirer profit de notre grande exp\u00e9rience et de notre ing\u00e9niosit\u00e9 pour atteindre de nouveaux sommets, au Canada comme \u00e0 l\u2019\u00e9tranger.<\/p>\n<p>Informez-vous des nombreux services que nous offrons, tant dans le secteur public que priv\u00e9 :<\/p>\n<ul>\n<li><a href=\"https:\/\/slfcpa.ca\/fr\/services\/certification\/\">certification;<\/a><\/li>\n<li><a href=\"https:\/\/slfcpa.ca\/fr\/services\/services-conseils-et-consultation\/\">services-conseils et consultation;<\/a><\/li>\n<li><a href=\"https:\/\/slfcpa.ca\/fr\/services\/evaluation-dentreprise\/\">\u00e9valuation d\u2019entreprise;<\/a><\/li>\n<li><a href=\"https:\/\/slfcpa.ca\/fr\/services\/juricomptabilite\/\">juricomptabilit\u00e9;<\/a><\/li>\n<li><a href=\"https:\/\/slfcpa.ca\/fr\/services\/services-internationaux\/\">services internationaux;<\/a><\/li>\n<li><a href=\"https:\/\/slfcpa.ca\/fr\/services\/soutien-juridique\/\">soutien juridique;<\/a><\/li>\n<li><a href=\"https:\/\/slfcpa.ca\/fr\/services\/fusions-et-acquisitions\/\">fusions et acquisitions;<\/a><\/li>\n<li><a href=\"https:\/\/slfcpa.ca\/fr\/services\/recherche-scientifique-et-developpement-experimental\/\">recherche scientifique et d\u00e9veloppement exp\u00e9rimental;<\/a><\/li>\n<li><a href=\"https:\/\/slfcpa.ca\/fr\/services\/services-de-fiscalite\/\">fiscalit\u00e9.<\/a><\/li>\n<\/ul>\n","protected":false},"excerpt":{"rendered":"<p>Depuis 1935, nous travaillons sans rel\u00e2che pour proposer des solutions in\u00e9dites et novatrices \u00e0 nos clients en mati\u00e8re de comptabilit\u00e9, de finance et de gestion. N\u2019h\u00e9sitez pas \u00e0 tirer profit de notre grande exp\u00e9rience et de notre ing\u00e9niosit\u00e9 pour atteindre de nouveaux sommets, au Canada comme \u00e0 l\u2019\u00e9tranger. Informez-vous des nombreux services que nous offrons, [&hellip;]<\/p>\n","protected":false},"author":2,"featured_media":0,"parent":0,"menu_order":0,"comment_status":"closed","ping_status":"closed","template":"","meta":{"_acf_changed":false,"footnotes":""},"class_list":["post-584","page","type-page","status-publish","hentry"],"acf":[],"_links":{"self":[{"href":"https:\/\/slfcpa.ca\/fr\/wp-json\/wp\/v2\/pages\/584","targetHints":{"allow":["GET"]}}],"collection":[{"href":"https:\/\/slfcpa.ca\/fr\/wp-json\/wp\/v2\/pages"}],"about":[{"href":"https:\/\/slfcpa.ca\/fr\/wp-json\/wp\/v2\/types\/page"}],"author":[{"embeddable":true,"href":"https:\/\/slfcpa.ca\/fr\/wp-json\/wp\/v2\/users\/2"}],"replies":[{"embeddable":true,"href":"https:\/\/slfcpa.ca\/fr\/wp-json\/wp\/v2\/comments?post=584"}],"version-history":[{"count":12,"href":"https:\/\/slfcpa.ca\/fr\/wp-json\/wp\/v2\/pages\/584\/revisions"}],"predecessor-version":[{"id":2566,"href":"https:\/\/slfcpa.ca\/fr\/wp-json\/wp\/v2\/pages\/584\/revisions\/2566"}],"wp:attachment":[{"href":"https:\/\/slfcpa.ca\/fr\/wp-json\/wp\/v2\/media?parent=584"}],"curies":[{"name":"wp","href":"https:\/\/api.w.org\/{rel}","templated":true}]}}