{"id":578,"date":"2018-02-14T16:09:05","date_gmt":"2018-02-14T21:09:05","guid":{"rendered":"https:\/\/slfcpa.ca\/?page_id=578"},"modified":"2021-03-02T12:52:30","modified_gmt":"2021-03-02T17:52:30","slug":"a-propos","status":"publish","type":"page","link":"https:\/\/slfcpa.ca\/fr\/a-propos\/","title":{"rendered":"\u00c0 propos"},"content":{"rendered":"<p>SLF est un cabinet comptable montr\u00e9alais offrant une gamme compl\u00e8te de services exceptionnels dans un souci constant de <strong>performance<\/strong>, d\u2019<strong>efficacit\u00e9<\/strong> et d\u2019<strong>int\u00e9grit\u00e9<\/strong>. Chez SLF, nous nous consacrons enti\u00e8rement \u00e0 la croissance, au d\u00e9veloppement et \u00e0 la prosp\u00e9rit\u00e9 \u00e0 long terme de nos clients.<\/p>\n<p>Depuis 1935, nous nous faisons une fiert\u00e9 de b\u00e2tir des relations solides avec chacun de nos clients. Au fil des ans, nous sommes pass\u00e9s d\u2019un petit cabinet de trois associ\u00e9s \u00e0 une \u00e9quipe multidisciplinaire regroupant des professionnels de haut calibre. Des femmes et des hommes d\u00e9termin\u00e9s \u00e0 mettre leurs <strong>talents d\u2019analyse<\/strong> et leurs <strong>savoir-faire en r\u00e9solution de probl\u00e8mes<\/strong> au service de nos clients, au Canada comme ailleurs dans le monde.<\/p>\n<h3>La signature SLF<\/h3>\n<p>Chez SLF, nous offrons tous les avantages propres aux grands cabinets, sans perdre la <strong>souplesse<\/strong> et la <strong>touche personnalis\u00e9e<\/strong> d\u2019un cabinet de petite taille. Notre connaissance approfondie du milieu, notre sens aigu des affaires, notre souci du d\u00e9tail et notre structure tarifaire concurrentielle vous aideront \u00e0 atteindre de nouveaux sommets.<\/p>\n<h3>Notre marque de commerce<\/h3>\n<ul>\n<li>Une expertise in\u00e9gal\u00e9e en comptabilit\u00e9 et en affaires dans un grand nombre de secteurs.<\/li>\n<li>Une approche personnalis\u00e9e centr\u00e9e sur les besoins de nos clients.<\/li>\n<li>Une attention et un service hors pair.<\/li>\n<li>Un engagement sans cesse renouvel\u00e9 de d\u00e9passer vos attentes.<\/li>\n<\/ul>\n<h3>Engagement dans la communaut\u00e9<\/h3>\n<p>Nous sommes extr\u00eamement conscients du r\u00f4le d\u2019un cabinet de notre stature dans la communaut\u00e9. Nous participons donc activement \u00e0 des collectes de fonds pour l\u2019<a href=\"http:\/\/agiteam.org\/?l=fr\" target=\"_blank\" rel=\"noopener\">Alzheimer Groupe inc.<\/a> (AGI), <a href=\"http:\/\/www.centraide-mtl.org\/\" target=\"_blank\" rel=\"noopener\">Centraide<\/a> et la <a href=\"https:\/\/www.kidney.ca\/page.aspx?pid=785\" target=\"_blank\" rel=\"noopener\">Fondation canadienne du rein<\/a>, en plus de contribuer \u00e0 une bourse universitaire (par l\u2019entremise de l\u2019<a href=\"http:\/\/www.cibpa.com\/article\/fran%C3%A7ais-4.asp\" target=\"_blank\" rel=\"noopener\">Association des gens d\u2019affaires et professionnels italo-canadiens<\/a>) et de donner un fier coup de main \u00e0 une vingtaine d\u2019autres groupes communautaires.<\/p>\n<h3>Le pouvoir d\u2019un r\u00e9seau international<\/h3>\n<p>SLF est membre de <a href=\"http:\/\/www.hlbi.com\/\" target=\"_blank\" rel=\"noopener\">HLB International<\/a>, un r\u00e9seau dynamique de cabinets comptables et de conseillers en affaires fond\u00e9 en 1969. Les membres de ce chef de file de l\u2019industrie offrent leurs services professionnels dans plus d\u2019une centaine de pays.<\/p>\n<p>Vous avez besoin des services comptables de professionnels dot\u00e9s d\u2019une expertise internationale? Vous pouvez vous fier \u00e0 SLF et aux associ\u00e9s de HLB International pour trouver les solutions qu\u2019il vous faut.<\/p>\n","protected":false},"excerpt":{"rendered":"<p>SLF est un cabinet comptable montr\u00e9alais offrant une gamme compl\u00e8te de services exceptionnels dans un souci constant de performance, d\u2019efficacit\u00e9 et d\u2019int\u00e9grit\u00e9. Chez SLF, nous nous consacrons enti\u00e8rement \u00e0 la croissance, au d\u00e9veloppement et \u00e0 la prosp\u00e9rit\u00e9 \u00e0 long terme de nos clients. Depuis 1935, nous nous faisons une fiert\u00e9 de b\u00e2tir des relations solides [&hellip;]<\/p>\n","protected":false},"author":2,"featured_media":0,"parent":0,"menu_order":0,"comment_status":"closed","ping_status":"closed","template":"","meta":{"_acf_changed":false,"footnotes":""},"class_list":["post-578","page","type-page","status-publish","hentry"],"acf":[],"_links":{"self":[{"href":"https:\/\/slfcpa.ca\/fr\/wp-json\/wp\/v2\/pages\/578","targetHints":{"allow":["GET"]}}],"collection":[{"href":"https:\/\/slfcpa.ca\/fr\/wp-json\/wp\/v2\/pages"}],"about":[{"href":"https:\/\/slfcpa.ca\/fr\/wp-json\/wp\/v2\/types\/page"}],"author":[{"embeddable":true,"href":"https:\/\/slfcpa.ca\/fr\/wp-json\/wp\/v2\/users\/2"}],"replies":[{"embeddable":true,"href":"https:\/\/slfcpa.ca\/fr\/wp-json\/wp\/v2\/comments?post=578"}],"version-history":[{"count":7,"href":"https:\/\/slfcpa.ca\/fr\/wp-json\/wp\/v2\/pages\/578\/revisions"}],"predecessor-version":[{"id":2402,"href":"https:\/\/slfcpa.ca\/fr\/wp-json\/wp\/v2\/pages\/578\/revisions\/2402"}],"wp:attachment":[{"href":"https:\/\/slfcpa.ca\/fr\/wp-json\/wp\/v2\/media?parent=578"}],"curies":[{"name":"wp","href":"https:\/\/api.w.org\/{rel}","templated":true}]}}